{"id":4012,"date":"2025-07-10T13:09:02","date_gmt":"2025-07-10T08:09:02","guid":{"rendered":"https:\/\/wellnessrev.org\/escuela\/"},"modified":"2025-09-03T09:50:44","modified_gmt":"2025-09-03T09:50:44","slug":"skool","status":"publish","type":"page","link":"https:\/\/wellnessrev.org\/es\/skool\/","title":{"rendered":"Skool"},"content":{"rendered":"\t\t<div data-elementor-type=\"wp-page\" data-elementor-id=\"4012\" class=\"elementor elementor-4012 elementor-18\" data-elementor-post-type=\"page\">\n\t\t\t\t<div class=\"elementor-element elementor-element-a39a33f e-flex e-con-boxed e-con e-parent\" data-id=\"a39a33f\" data-element_type=\"container\" id=\"backtotop\" data-settings=\"{&quot;background_background&quot;:&quot;video&quot;,&quot;background_play_on_mobile&quot;:&quot;yes&quot;,&quot;background_video_link&quot;:&quot;https:\\\/\\\/wellnessrev.org\\\/wp-content\\\/uploads\\\/2025\\\/07\\\/banner-BG.mp4&quot;}\">\n\t\t\t\t\t<div class=\"e-con-inner\">\n\t\t<div class=\"elementor-background-video-container\" aria-hidden=\"true\">\n\t\t\t\t\t\t\t<video class=\"elementor-background-video-hosted\" autoplay muted playsinline loop><\/video>\n\t\t\t\t\t<\/div>\t\t<div class=\"elementor-element elementor-element-7c6ce0d elementor-invisible elementor-widget elementor-widget-heading\" data-id=\"7c6ce0d\" data-element_type=\"widget\" data-settings=\"{&quot;_animation&quot;:&quot;fadeInUp&quot;}\" data-widget_type=\"heading.default\">\n\t\t\t\t\t<h1 class=\"elementor-heading-title elementor-size-default\">Skool<\/h1>\t\t\t\t<\/div>\n\t\t\t\t<div class=\"elementor-element elementor-element-51d9c00 elementor-widget__width-initial elementor-invisible elementor-widget elementor-widget-heading\" data-id=\"51d9c00\" data-element_type=\"widget\" data-settings=\"{&quot;_animation&quot;:&quot;fadeInUp&quot;}\" data-widget_type=\"heading.default\">\n\t\t\t\t\t<h4 class=\"elementor-heading-title elementor-size-default\">Tu centro de <span style=\"color: #F2AA5F\">crecimiento<\/span>, conexi\u00f3n y <span style=\"color: #F2AA5F\">simplicidad<\/span><\/h4>\t\t\t\t<\/div>\n\t\t\t\t\t<\/div>\n\t\t\t\t<\/div>\n\t\t<div class=\"elementor-element elementor-element-3806fd9 e-flex e-con-boxed e-con e-parent\" data-id=\"3806fd9\" data-element_type=\"container\">\n\t\t\t\t\t<div class=\"e-con-inner\">\n\t\t\t\t<div class=\"elementor-element elementor-element-8f36c3a elementor-widget__width-initial elementor-widget-tablet__width-inherit elementor-invisible elementor-widget elementor-widget-heading\" data-id=\"8f36c3a\" data-element_type=\"widget\" data-settings=\"{&quot;_animation&quot;:&quot;fadeInUp&quot;}\" data-widget_type=\"heading.default\">\n\t\t\t\t\t<h2 class=\"elementor-heading-title elementor-size-default\">SKOOL ES DONDE <b style=\"color:#F2AA5F\">NUESTRO EQUIPO LIFEWAVE SE RE\u00daNE <\/b> PARA APRENDER, CRECER Y MANTENERSE CONECTADO<\/h2>\t\t\t\t<\/div>\n\t\t\t\t<div class=\"elementor-element elementor-element-55f3095 elementor-widget__width-initial elementor-invisible elementor-widget elementor-widget-text-editor\" data-id=\"55f3095\" data-element_type=\"widget\" data-settings=\"{&quot;_animation&quot;:&quot;fadeInUp&quot;}\" data-widget_type=\"text-editor.default\">\n\t\t\t\t\t\t\t\t\t<p>Todo en un espacio f\u00e1cil de usar. Es m\u00e1s que una plataforma: es tu centro de formaci\u00f3n, actualizaciones, asistencia y comunidad. Tanto si est\u00e1s incorporando a un nuevo miembro, buscando recursos de productos o participando en discusiones de equipo, Skool mantiene todo organizado, accesible y alineado con tus objetivos.<\/p><p>Aqu\u00ed es donde se crea el impulso, se desarrollan los l\u00edderes y se comparte el \u00e9xito. Sum\u00e9rgete y aprovecha al m\u00e1ximo todo lo que hay aqu\u00ed, porque todo lo que necesitas para hacer crecer tu negocio LifeWave est\u00e1 dentro de Skool.<\/p>\t\t\t\t\t\t\t\t<\/div>\n\t\t\t\t\t<\/div>\n\t\t\t\t<\/div>\n\t\t<div class=\"elementor-element elementor-element-ec687a7 e-flex e-con-boxed e-con e-parent\" data-id=\"ec687a7\" data-element_type=\"container\" data-settings=\"{&quot;background_background&quot;:&quot;classic&quot;}\">\n\t\t\t\t\t<div class=\"e-con-inner\">\n\t\t<div class=\"elementor-element elementor-element-0748d91 e-con-full e-flex e-con e-child\" data-id=\"0748d91\" data-element_type=\"container\">\n\t\t\t\t<div class=\"elementor-element elementor-element-869c26f elementor-invisible elementor-widget elementor-widget-heading\" data-id=\"869c26f\" data-element_type=\"widget\" data-settings=\"{&quot;_animation&quot;:&quot;fadeInUp&quot;}\" data-widget_type=\"heading.default\">\n\t\t\t\t\t<h3 class=\"elementor-heading-title elementor-size-default\"><span style=\"color: #F2AA5F\">Haz clic en el bot\u00f3n para acceder<\/span> - \u00a1Tu Centro de la Revoluci\u00f3n del Bienestar te espera!<\/h3>\t\t\t\t<\/div>\n\t\t\t\t<\/div>\n\t\t<div class=\"elementor-element elementor-element-f28ed83 e-con-full e-flex e-con e-child\" data-id=\"f28ed83\" data-element_type=\"container\">\n\t\t\t\t<div class=\"elementor-element elementor-element-50499b3 elementor-widget elementor-widget-text-editor\" data-id=\"50499b3\" data-element_type=\"widget\" data-widget_type=\"text-editor.default\">\n\t\t\t\t\t\t\t\t\t<p>Despu\u00e9s de hacer clic en el bot\u00f3n \u201c\u00daNETE A NUESTRA SKOOL\u201d que aparece abajo, har\u00e1s clic en el bot\u00f3n \u201cJOIN GROUP\u201d en nuestra p\u00e1gina de Skool y completar\u00e1s&#8230;<\/p>\t\t\t\t\t\t\t\t<\/div>\n\t\t\t\t<div class=\"elementor-element elementor-element-831f322 elementor-align-right onboard elementor-mobile-align-center elementor-invisible elementor-widget elementor-widget-button\" data-id=\"831f322\" data-element_type=\"widget\" data-settings=\"{&quot;_animation&quot;:&quot;fadeInUp&quot;}\" data-widget_type=\"button.default\">\n\t\t\t\t\t\t\t\t\t\t<a class=\"elementor-button elementor-button-link elementor-size-sm elementor-animation-grow\" href=\"https:\/\/www.skool.com\/wellnessrevolution\/about?ref=3ea6d39845e342ac8e2c3b3a265d38e3\" target=\"_blank\">\n\t\t\t\t\t\t<span class=\"elementor-button-content-wrapper\">\n\t\t\t\t\t\t<span class=\"elementor-button-icon\">\n\t\t\t\t<svg aria-hidden=\"true\" class=\"e-font-icon-svg e-fas-chevron-right\" viewBox=\"0 0 320 512\" xmlns=\"http:\/\/www.w3.org\/2000\/svg\"><path d=\"M285.476 272.971L91.132 467.314c-9.373 9.373-24.569 9.373-33.941 0l-22.667-22.667c-9.357-9.357-9.375-24.522-.04-33.901L188.505 256 34.484 101.255c-9.335-9.379-9.317-24.544.04-33.901l22.667-22.667c9.373-9.373 24.569-9.373 33.941 0L285.475 239.03c9.373 9.372 9.373 24.568.001 33.941z\"><\/path><\/svg>\t\t\t<\/span>\n\t\t\t\t\t\t\t\t\t<span class=\"elementor-button-text\">\u00danete a nuestra Skool<\/span>\n\t\t\t\t\t<\/span>\n\t\t\t\t\t<\/a>\n\t\t\t\t\t\t\t\t<\/div>\n\t\t\t\t<\/div>\n\t\t\t\t\t<\/div>\n\t\t\t\t<\/div>\n\t\t<div class=\"elementor-element elementor-element-f238bba e-flex e-con-boxed e-con e-parent\" data-id=\"f238bba\" data-element_type=\"container\" data-settings=\"{&quot;background_background&quot;:&quot;gradient&quot;}\">\n\t\t\t\t\t<div class=\"e-con-inner\">\n\t\t\t\t<div class=\"elementor-element elementor-element-65f2735 elementor-invisible elementor-widget elementor-widget-heading\" data-id=\"65f2735\" data-element_type=\"widget\" data-settings=\"{&quot;_animation&quot;:&quot;fadeInUp&quot;}\" data-widget_type=\"heading.default\">\n\t\t\t\t\t<h2 class=\"elementor-heading-title elementor-size-default\">POR QU\u00c9 <b style=\"color:#F2AA5F\">UNIRSE A<\/b> SKOOL<\/h2>\t\t\t\t<\/div>\n\t\t\t\t<div class=\"elementor-element elementor-element-ce3d90c youtubeIcon elementor-invisible elementor-widget elementor-widget-video\" data-id=\"ce3d90c\" data-element_type=\"widget\" data-settings=\"{&quot;youtube_url&quot;:&quot;https:\\\/\\\/youtu.be\\\/0fAisJbK6CM&quot;,&quot;loop&quot;:&quot;yes&quot;,&quot;_animation&quot;:&quot;fadeInUp&quot;,&quot;video_type&quot;:&quot;youtube&quot;,&quot;controls&quot;:&quot;yes&quot;}\" data-widget_type=\"video.default\">\n\t\t\t\t\t\t\t<div class=\"elementor-wrapper elementor-open-inline\">\n\t\t\t<div class=\"elementor-video\"><\/div>\t\t<\/div>\n\t\t\t\t\t\t<\/div>\n\t\t\t\t\t<\/div>\n\t\t\t\t<\/div>\n\t\t<div class=\"elementor-element elementor-element-cf2d753 e-flex e-con-boxed e-con e-parent\" data-id=\"cf2d753\" data-element_type=\"container\" data-settings=\"{&quot;background_background&quot;:&quot;classic&quot;}\">\n\t\t\t\t\t<div class=\"e-con-inner\">\n\t\t\t\t<div class=\"elementor-element elementor-element-16a51e8 elementor-invisible elementor-widget elementor-widget-heading\" data-id=\"16a51e8\" data-element_type=\"widget\" data-settings=\"{&quot;_animation&quot;:&quot;fadeInUp&quot;}\" data-widget_type=\"heading.default\">\n\t\t\t\t\t<h2 class=\"elementor-heading-title elementor-size-default\">C\u00f3mo <span style=\"color: #F2AA5F\">acceder<\/span><\/h2>\t\t\t\t<\/div>\n\t\t\t\t<div class=\"elementor-element elementor-element-0d3da77 elementor-widget__width-initial elementor-invisible elementor-widget elementor-widget-text-editor\" data-id=\"0d3da77\" data-element_type=\"widget\" data-settings=\"{&quot;_animation_mobile&quot;:&quot;fadeInUp&quot;,&quot;_animation&quot;:&quot;fadeInUp&quot;}\" data-widget_type=\"text-editor.default\">\n\t\t\t\t\t\t\t\t\t<p>Despu\u00e9s de hacer clic en el bot\u00f3n \u00ab\u00daNETE A NUESTRA SKOOL\u00bb a continuaci\u00f3n, haz clic en el bot\u00f3n \u00abUNIRSE AL GRUPO\u00bb en nuestra p\u00e1gina de Skool y completa un breve formulario con tus datos de LifeWave. Tu informaci\u00f3n se enviar\u00e1 al Equipo de Wellness Revolution para su revisi\u00f3n. El acceso suele concederse en un plazo de 24 horas.<\/p><p>\u00a0<\/p><p>Si tienes alguna pregunta o problema, no dudes en contactar con el Equipo de Wellness Revolution para obtener ayuda.<\/p>\t\t\t\t\t\t\t\t<\/div>\n\t\t\t\t<div class=\"elementor-element elementor-element-4d1f0b2 elementor-align-right onboard elementor-mobile-align-center elementor-invisible elementor-widget elementor-widget-button\" data-id=\"4d1f0b2\" data-element_type=\"widget\" data-settings=\"{&quot;_animation&quot;:&quot;fadeInUp&quot;}\" data-widget_type=\"button.default\">\n\t\t\t\t\t\t\t\t\t\t<a class=\"elementor-button elementor-button-link elementor-size-sm elementor-animation-grow\" href=\"https:\/\/www.skool.com\/wellnessrevolution\/about?ref=3ea6d39845e342ac8e2c3b3a265d38e3\" target=\"_blank\">\n\t\t\t\t\t\t<span class=\"elementor-button-content-wrapper\">\n\t\t\t\t\t\t<span class=\"elementor-button-icon\">\n\t\t\t\t<svg aria-hidden=\"true\" class=\"e-font-icon-svg e-fas-chevron-right\" viewBox=\"0 0 320 512\" xmlns=\"http:\/\/www.w3.org\/2000\/svg\"><path d=\"M285.476 272.971L91.132 467.314c-9.373 9.373-24.569 9.373-33.941 0l-22.667-22.667c-9.357-9.357-9.375-24.522-.04-33.901L188.505 256 34.484 101.255c-9.335-9.379-9.317-24.544.04-33.901l22.667-22.667c9.373-9.373 24.569-9.373 33.941 0L285.475 239.03c9.373 9.372 9.373 24.568.001 33.941z\"><\/path><\/svg>\t\t\t<\/span>\n\t\t\t\t\t\t\t\t\t<span class=\"elementor-button-text\">\u00danete a nuestra Skool<\/span>\n\t\t\t\t\t<\/span>\n\t\t\t\t\t<\/a>\n\t\t\t\t\t\t\t\t<\/div>\n\t\t\t\t\t<\/div>\n\t\t\t\t<\/div>\n\t\t<div class=\"elementor-element elementor-element-5074ec8 elementor-hidden-desktop elementor-hidden-tablet elementor-hidden-mobile e-flex e-con-boxed e-con e-parent\" data-id=\"5074ec8\" data-element_type=\"container\" data-settings=\"{&quot;background_background&quot;:&quot;gradient&quot;}\">\n\t\t\t\t\t<div class=\"e-con-inner\">\n\t\t\t\t<div class=\"elementor-element elementor-element-0177fdb elementor-invisible elementor-widget elementor-widget-heading\" data-id=\"0177fdb\" data-element_type=\"widget\" data-settings=\"{&quot;_animation&quot;:&quot;fadeInUp&quot;}\" data-widget_type=\"heading.default\">\n\t\t\t\t\t<h2 class=\"elementor-heading-title elementor-size-default\"><b style=\"color:#F2AA5F\">TUTORIAL DE<\/b> USO DE <b style=\"color:#F2AA5F\">SKOOL<\/b> <\/h2>\t\t\t\t<\/div>\n\t\t\t\t<div class=\"elementor-element elementor-element-c0ca1d2 elementor-invisible elementor-widget elementor-widget-video\" data-id=\"c0ca1d2\" data-element_type=\"widget\" data-settings=\"{&quot;youtube_url&quot;:&quot;https:\\\/\\\/youtu.be\\\/chFHIdtK2Ek&quot;,&quot;loop&quot;:&quot;yes&quot;,&quot;_animation&quot;:&quot;fadeInUp&quot;,&quot;video_type&quot;:&quot;youtube&quot;,&quot;controls&quot;:&quot;yes&quot;}\" data-widget_type=\"video.default\">\n\t\t\t\t\t\t\t<div class=\"elementor-wrapper elementor-open-inline\">\n\t\t\t<div class=\"elementor-video\"><\/div>\t\t<\/div>\n\t\t\t\t\t\t<\/div>\n\t\t\t\t\t<\/div>\n\t\t\t\t<\/div>\n\t\t<div class=\"elementor-element elementor-element-a75d047 e-flex e-con-boxed e-con e-parent\" data-id=\"a75d047\" data-element_type=\"container\" data-settings=\"{&quot;background_background&quot;:&quot;gradient&quot;}\">\n\t\t\t\t\t<div class=\"e-con-inner\">\n\t\t\t\t<div class=\"elementor-element elementor-element-19c0d8c elementor-invisible elementor-widget elementor-widget-heading\" data-id=\"19c0d8c\" data-element_type=\"widget\" data-settings=\"{&quot;_animation&quot;:&quot;fadeInUp&quot;}\" data-widget_type=\"heading.default\">\n\t\t\t\t\t<h2 class=\"elementor-heading-title elementor-size-default\">\u00daNETE A LA <b style=\"color:#f2aa5f\"> CONVERSACI\u00d3N<\/b><\/h2>\t\t\t\t<\/div>\n\t\t\t\t<div class=\"elementor-element elementor-element-bd0a0e0 elementor-widget__width-initial elementor-invisible elementor-widget elementor-widget-text-editor\" data-id=\"bd0a0e0\" data-element_type=\"widget\" data-settings=\"{&quot;_animation&quot;:&quot;fadeInUp&quot;,&quot;_animation_mobile&quot;:&quot;fadeInUp&quot;}\" data-widget_type=\"text-editor.default\">\n\t\t\t\t\t\t\t\t\t<p>\u00bfTienes preguntas? \u00bfConsejos \u00fatiles? \u00bfUn triunfo que celebrar? \u00a1D\u00e9jalo aqu\u00ed! Nuestro foro de discusi\u00f3n de SKOOL es como la casa club virtual de nuestro equipo: organizado, f\u00e1cil de usar y siempre rebosante de buen rollo, ideas nuevas y apoyo genuino.<\/p><p><span dir=\"ltr\" role=\"presentation\">\u00a0<\/span><\/p><p><span dir=\"ltr\" role=\"presentation\">Whether you&#8217;re just starting out or scaling fast, this space is for <\/span><span dir=\"ltr\" role=\"presentation\">you<\/span><span dir=\"ltr\" role=\"presentation\">. Ask anything, get <\/span><span dir=\"ltr\" role=\"presentation\">feedback, share what\u2019s working, and connect with others on the same path.<\/span><\/p><p><span dir=\"ltr\" role=\"presentation\">\u00a0<\/span><\/p><p><span dir=\"ltr\" role=\"presentation\">No more digging through endless chats or guessing who to ask. Here, every Wellness\u00a0<\/span><span dir=\"ltr\" role=\"presentation\">Revolution member has a voice<\/span> <span dir=\"ltr\" role=\"presentation\">and every post helps us all grow stronger, together.\u00a0<\/span><\/p><p><span dir=\"ltr\" style=\"letter-spacing: 0px;\" role=\"presentation\">\u00a0<\/span><\/p><p><span dir=\"ltr\" style=\"letter-spacing: 0px;\" role=\"presentation\">Take a look at the screenshot below to see how it works<\/span> <span dir=\"ltr\" style=\"letter-spacing: 0px;\" role=\"presentation\">and <\/span><span dir=\"ltr\" style=\"letter-spacing: 0px;\" role=\"presentation\">then join the conversation and\u00a0<\/span><span dir=\"ltr\" style=\"letter-spacing: 0px;\" role=\"presentation\">be part of the momentum!<\/span><\/p>\t\t\t\t\t\t\t\t<\/div>\n\t\t\t\t<div class=\"elementor-element elementor-element-43337dc elementor-widget elementor-widget-image\" data-id=\"43337dc\" data-element_type=\"widget\" data-widget_type=\"image.default\">\n\t\t\t\t\t\t\t\t\t\t\t\t\t\t\t\t<a href=\"https:\/\/www.skool.com\/wellnessrevolution\" target=\"_blank\">\n\t\t\t\t\t\t\t<img fetchpriority=\"high\" decoding=\"async\" width=\"1170\" height=\"728\" src=\"https:\/\/wellnessrev.org\/wp-content\/uploads\/2025\/07\/wellness-revolution-screenshot.png\" class=\"attachment-full size-full wp-image-3935\" alt=\"\" srcset=\"https:\/\/wellnessrev.org\/wp-content\/uploads\/2025\/07\/wellness-revolution-screenshot.png 1170w, https:\/\/wellnessrev.org\/wp-content\/uploads\/2025\/07\/wellness-revolution-screenshot-300x187.png 300w, https:\/\/wellnessrev.org\/wp-content\/uploads\/2025\/07\/wellness-revolution-screenshot-1024x637.png 1024w, https:\/\/wellnessrev.org\/wp-content\/uploads\/2025\/07\/wellness-revolution-screenshot-768x478.png 768w\" sizes=\"(max-width: 1170px) 100vw, 1170px\" \/>\t\t\t\t\t\t\t\t<\/a>\n\t\t\t\t\t\t\t\t\t\t\t\t\t\t\t<\/div>\n\t\t\t\t<div class=\"elementor-element elementor-element-8d1426e elementor-align-right onboard elementor-mobile-align-center elementor-invisible elementor-widget elementor-widget-button\" data-id=\"8d1426e\" data-element_type=\"widget\" data-settings=\"{&quot;_animation&quot;:&quot;fadeInUp&quot;}\" data-widget_type=\"button.default\">\n\t\t\t\t\t\t\t\t\t\t<a class=\"elementor-button elementor-button-link elementor-size-sm elementor-animation-grow\" href=\"https:\/\/www.skool.com\/wellnessrevolution\" target=\"_blank\">\n\t\t\t\t\t\t<span class=\"elementor-button-content-wrapper\">\n\t\t\t\t\t\t<span class=\"elementor-button-icon\">\n\t\t\t\t<svg aria-hidden=\"true\" class=\"e-font-icon-svg e-fas-chevron-right\" viewBox=\"0 0 320 512\" xmlns=\"http:\/\/www.w3.org\/2000\/svg\"><path d=\"M285.476 272.971L91.132 467.314c-9.373 9.373-24.569 9.373-33.941 0l-22.667-22.667c-9.357-9.357-9.375-24.522-.04-33.901L188.505 256 34.484 101.255c-9.335-9.379-9.317-24.544.04-33.901l22.667-22.667c9.373-9.373 24.569-9.373 33.941 0L285.475 239.03c9.373 9.372 9.373 24.568.001 33.941z\"><\/path><\/svg>\t\t\t<\/span>\n\t\t\t\t\t\t\t\t\t<span class=\"elementor-button-text\">\u00danase a la discusi\u00f3n<\/span>\n\t\t\t\t\t<\/span>\n\t\t\t\t\t<\/a>\n\t\t\t\t\t\t\t\t<\/div>\n\t\t\t\t\t<\/div>\n\t\t\t\t<\/div>\n\t\t\t\t<\/div>\n\t\t","protected":false},"excerpt":{"rendered":"<p>Skool Tu centro de crecimiento, conexi\u00f3n y simplicidad SKOOL ES DONDE NUESTRO EQUIPO LIFEWAVE SE RE\u00daNE PARA APRENDER, CRECER Y MANTENERSE CONECTADO Todo en un espacio f\u00e1cil de usar. Es m\u00e1s que una plataforma: es tu centro de formaci\u00f3n, actualizaciones, asistencia y comunidad. Tanto si est\u00e1s incorporando a un nuevo miembro, buscando recursos de productos [&hellip;]<\/p>\n","protected":false},"author":1,"featured_media":0,"parent":0,"menu_order":0,"comment_status":"closed","ping_status":"closed","template":"","meta":{"_acf_changed":false,"inline_featured_image":false,"footnotes":""},"class_list":["post-4012","page","type-page","status-publish","hentry"],"acf":[],"_links":{"self":[{"href":"https:\/\/wellnessrev.org\/es\/wp-json\/wp\/v2\/pages\/4012","targetHints":{"allow":["GET"]}}],"collection":[{"href":"https:\/\/wellnessrev.org\/es\/wp-json\/wp\/v2\/pages"}],"about":[{"href":"https:\/\/wellnessrev.org\/es\/wp-json\/wp\/v2\/types\/page"}],"author":[{"embeddable":true,"href":"https:\/\/wellnessrev.org\/es\/wp-json\/wp\/v2\/users\/1"}],"replies":[{"embeddable":true,"href":"https:\/\/wellnessrev.org\/es\/wp-json\/wp\/v2\/comments?post=4012"}],"version-history":[{"count":59,"href":"https:\/\/wellnessrev.org\/es\/wp-json\/wp\/v2\/pages\/4012\/revisions"}],"predecessor-version":[{"id":8795,"href":"https:\/\/wellnessrev.org\/es\/wp-json\/wp\/v2\/pages\/4012\/revisions\/8795"}],"wp:attachment":[{"href":"https:\/\/wellnessrev.org\/es\/wp-json\/wp\/v2\/media?parent=4012"}],"curies":[{"name":"wp","href":"https:\/\/api.w.org\/{rel}","templated":true}]}}