{"id":4217,"date":"2025-07-22T16:56:09","date_gmt":"2025-07-22T16:56:09","guid":{"rendered":"https:\/\/wellnessrev.org\/contacto\/"},"modified":"2025-09-11T19:03:52","modified_gmt":"2025-09-11T19:03:52","slug":"contacto","status":"publish","type":"page","link":"https:\/\/wellnessrev.org\/es\/contacto\/","title":{"rendered":"Contacto"},"content":{"rendered":"\t\t<div data-elementor-type=\"wp-page\" data-elementor-id=\"4217\" class=\"elementor elementor-4217 elementor-2941\" data-elementor-post-type=\"page\">\n\t\t\t\t<div class=\"elementor-element elementor-element-d272b46 e-flex e-con-boxed e-con e-parent\" data-id=\"d272b46\" data-element_type=\"container\" data-settings=\"{&quot;background_background&quot;:&quot;video&quot;,&quot;background_play_on_mobile&quot;:&quot;yes&quot;,&quot;background_video_link&quot;:&quot;https:\\\/\\\/wellnessrev.org\\\/wp-content\\\/uploads\\\/2025\\\/07\\\/banner-BG.mp4&quot;}\">\n\t\t\t\t\t<div class=\"e-con-inner\">\n\t\t<div class=\"elementor-background-video-container\" aria-hidden=\"true\">\n\t\t\t\t\t\t\t<video class=\"elementor-background-video-hosted\" autoplay muted playsinline loop><\/video>\n\t\t\t\t\t<\/div>\t\t<div class=\"elementor-element elementor-element-768b4b4 elementor-invisible elementor-widget elementor-widget-heading\" data-id=\"768b4b4\" data-element_type=\"widget\" data-settings=\"{&quot;_animation&quot;:&quot;fadeInUp&quot;}\" data-widget_type=\"heading.default\">\n\t\t\t\t\t<h1 class=\"elementor-heading-title elementor-size-default\">Contacto<\/h1>\t\t\t\t<\/div>\n\t\t\t\t\t<\/div>\n\t\t\t\t<\/div>\n\t\t<div class=\"elementor-element elementor-element-3a44f9e e-con-full e-flex e-con e-parent\" data-id=\"3a44f9e\" data-element_type=\"container\">\n\t\t<div class=\"elementor-element elementor-element-7b59db6 e-flex e-con-boxed e-con e-child\" data-id=\"7b59db6\" data-element_type=\"container\">\n\t\t\t\t\t<div class=\"e-con-inner\">\n\t\t<div class=\"elementor-element elementor-element-1783077 e-con-full e-flex e-con e-child\" data-id=\"1783077\" data-element_type=\"container\" data-settings=\"{&quot;background_background&quot;:&quot;classic&quot;}\">\n\t\t\t\t<div class=\"elementor-element elementor-element-0923c18 elementor-widget elementor-widget-image\" data-id=\"0923c18\" data-element_type=\"widget\" data-widget_type=\"image.default\">\n\t\t\t\t\t\t\t\t\t\t\t\t\t\t\t<img fetchpriority=\"high\" decoding=\"async\" width=\"414\" height=\"142\" src=\"https:\/\/wellnessrev.org\/wp-content\/uploads\/2025\/07\/logo-text.png\" class=\"attachment-full size-full wp-image-3890\" alt=\"\" srcset=\"https:\/\/wellnessrev.org\/wp-content\/uploads\/2025\/07\/logo-text.png 414w, https:\/\/wellnessrev.org\/wp-content\/uploads\/2025\/07\/logo-text-300x103.png 300w\" sizes=\"(max-width: 414px) 100vw, 414px\" \/>\t\t\t\t\t\t\t\t\t\t\t\t\t\t\t<\/div>\n\t\t\t\t<div class=\"elementor-element elementor-element-852e878 elementor-widget elementor-widget-heading\" data-id=\"852e878\" data-element_type=\"widget\" data-widget_type=\"heading.default\">\n\t\t\t\t\t<h2 class=\"elementor-heading-title elementor-size-default\">INFORMACI\u00d3N DE CONTACTO<\/h2>\t\t\t\t<\/div>\n\t\t\t\t<\/div>\n\t\t<div class=\"elementor-element elementor-element-40adede e-con-full e-flex e-con e-child\" data-id=\"40adede\" data-element_type=\"container\">\n\t\t<div class=\"elementor-element elementor-element-db8af80 e-con-full e-flex e-con e-child\" data-id=\"db8af80\" data-element_type=\"container\">\n\t\t\t\t<div class=\"elementor-element elementor-element-2e45afa elementor-align-left elementor-widget__width-initial elementor-icon-list--layout-traditional elementor-list-item-link-full_width elementor-widget elementor-widget-icon-list\" data-id=\"2e45afa\" data-element_type=\"widget\" data-widget_type=\"icon-list.default\">\n\t\t\t\t\t\t\t<ul class=\"elementor-icon-list-items\">\n\t\t\t\t\t\t\t<li class=\"elementor-icon-list-item\">\n\t\t\t\t\t\t\t\t\t\t\t<span class=\"elementor-icon-list-icon\">\n\t\t\t\t\t\t\t<svg aria-hidden=\"true\" class=\"e-font-icon-svg e-far-map\" viewBox=\"0 0 576 512\" xmlns=\"http:\/\/www.w3.org\/2000\/svg\"><path d=\"M560.02 32c-1.96 0-3.98.37-5.96 1.16L384.01 96H384L212 35.28A64.252 64.252 0 0 0 191.76 32c-6.69 0-13.37 1.05-19.81 3.14L20.12 87.95A32.006 32.006 0 0 0 0 117.66v346.32C0 473.17 7.53 480 15.99 480c1.96 0 3.97-.37 5.96-1.16L192 416l172 60.71a63.98 63.98 0 0 0 40.05.15l151.83-52.81A31.996 31.996 0 0 0 576 394.34V48.02c0-9.19-7.53-16.02-15.98-16.02zM224 90.42l128 45.19v285.97l-128-45.19V90.42zM48 418.05V129.07l128-44.53v286.2l-.64.23L48 418.05zm480-35.13l-128 44.53V141.26l.64-.24L528 93.95v288.97z\"><\/path><\/svg>\t\t\t\t\t\t<\/span>\n\t\t\t\t\t\t\t\t\t\t<span class=\"elementor-icon-list-text\">Jay Adkins\u00a019821 NW 2nd Ave #162 Miami Gardens, FL 33169<\/span>\n\t\t\t\t\t\t\t\t\t<\/li>\n\t\t\t\t\t\t\t\t<li class=\"elementor-icon-list-item\">\n\t\t\t\t\t\t\t\t\t\t\t<a href=\"mailto:WR@WellnessRev.Org\">\n\n\t\t\t\t\t\t\t\t\t\t\t\t<span class=\"elementor-icon-list-icon\">\n\t\t\t\t\t\t\t<svg aria-hidden=\"true\" class=\"e-font-icon-svg e-far-envelope\" viewBox=\"0 0 512 512\" xmlns=\"http:\/\/www.w3.org\/2000\/svg\"><path d=\"M464 64H48C21.49 64 0 85.49 0 112v288c0 26.51 21.49 48 48 48h416c26.51 0 48-21.49 48-48V112c0-26.51-21.49-48-48-48zm0 48v40.805c-22.422 18.259-58.168 46.651-134.587 106.49-16.841 13.247-50.201 45.072-73.413 44.701-23.208.375-56.579-31.459-73.413-44.701C106.18 199.465 70.425 171.067 48 152.805V112h416zM48 400V214.398c22.914 18.251 55.409 43.862 104.938 82.646 21.857 17.205 60.134 55.186 103.062 54.955 42.717.231 80.509-37.199 103.053-54.947 49.528-38.783 82.032-64.401 104.947-82.653V400H48z\"><\/path><\/svg>\t\t\t\t\t\t<\/span>\n\t\t\t\t\t\t\t\t\t\t<span class=\"elementor-icon-list-text\">WR@WellnessRev.Org<\/span>\n\t\t\t\t\t\t\t\t\t\t\t<\/a>\n\t\t\t\t\t\t\t\t\t<\/li>\n\t\t\t\t\t\t<\/ul>\n\t\t\t\t\t\t<\/div>\n\t\t\t\t<div class=\"elementor-element elementor-element-aa23b14 footerLinkText elementor-widget__width-initial elementor-widget elementor-widget-text-editor\" data-id=\"aa23b14\" data-element_type=\"widget\" data-widget_type=\"text-editor.default\">\n\t\t\t\t\t\t\t\t\t<p><img decoding=\"async\" class=\"alignnone size-full wp-image-2199\" src=\"https:\/\/wellnessrev.org\/wp-content\/uploads\/2025\/07\/phone-svgrepo-com.png\" alt=\"\" width=\"25\" height=\"25\" srcset=\"https:\/\/wellnessrev.org\/wp-content\/uploads\/2025\/07\/phone-svgrepo-com.png 256w, https:\/\/wellnessrev.org\/wp-content\/uploads\/2025\/07\/phone-svgrepo-com-150x150.png 150w\" sizes=\"(max-width: 25px) 100vw, 25px\" \/><\/p><p>1. <a href=\"http:\/\/wa.me\/message\/K224GU6CVXDHF1\" target=\"blank\"><span style=\"color: #f2aa5f;\">Justin<\/span> (English), <\/a><\/p><p>2. <a href=\"http:\/\/wa.me\/13056325494\" target=\"blank\"><span style=\"color: #f2aa5f;\">Lola<\/span> (Sp\/Eng),<\/a><br \/>3. <a href=\"https:\/\/wa.me\/message\/QCLHNMLGIZ4SJ1\" target=\"blank\"><span style=\"color: #f2aa5f;\">Evelyn<\/span> (Spanish)<\/a><\/p>\t\t\t\t\t\t\t\t<\/div>\n\t\t\t\t<\/div>\n\t\t\t\t<\/div>\n\t\t\t\t\t<\/div>\n\t\t\t\t<\/div>\n\t\t\t\t<\/div>\n\t\t<div class=\"elementor-element elementor-element-0d41bba e-con-full e-flex e-con e-parent\" data-id=\"0d41bba\" data-element_type=\"container\">\n\t\t<div class=\"elementor-element elementor-element-0616d71 e-flex e-con-boxed e-con e-child\" data-id=\"0616d71\" data-element_type=\"container\">\n\t\t\t\t\t<div class=\"e-con-inner\">\n\t\t\t\t<div class=\"elementor-element elementor-element-e0e9a1d elementor-widget__width-initial elementor-button-align-stretch elementor-widget elementor-widget-form\" data-id=\"e0e9a1d\" data-element_type=\"widget\" data-settings=\"{&quot;button_width&quot;:&quot;25&quot;,&quot;step_next_label&quot;:&quot;Next&quot;,&quot;step_previous_label&quot;:&quot;Previous&quot;,&quot;step_type&quot;:&quot;number_text&quot;,&quot;step_icon_shape&quot;:&quot;circle&quot;}\" data-widget_type=\"form.default\">\n\t\t\t\t\t\t\t<form class=\"elementor-form\" method=\"post\" name=\"New Form\" aria-label=\"New Form\">\n\t\t\t<input type=\"hidden\" name=\"post_id\" value=\"4217\"\/>\n\t\t\t<input type=\"hidden\" name=\"form_id\" value=\"e0e9a1d\"\/>\n\t\t\t<input type=\"hidden\" name=\"referer_title\" value=\"Contacto\" \/>\n\n\t\t\t\t\t\t\t<input type=\"hidden\" name=\"queried_id\" value=\"4217\"\/>\n\t\t\t\n\t\t\t<div class=\"elementor-form-fields-wrapper elementor-labels-above\">\n\t\t\t\t\t\t\t\t<div class=\"elementor-field-type-text elementor-field-group elementor-column elementor-field-group-name elementor-col-100\">\n\t\t\t\t\t\t\t\t\t\t\t\t<label for=\"form-field-name\" class=\"elementor-field-label\">\n\t\t\t\t\t\t\t\tNombre\t\t\t\t\t\t\t<\/label>\n\t\t\t\t\t\t\t\t\t\t\t\t\t\t<input size=\"1\" type=\"text\" name=\"form_fields[name]\" id=\"form-field-name\" class=\"elementor-field elementor-size-md  elementor-field-textual\" placeholder=\"Escribe tu nombre completo\">\n\t\t\t\t\t\t\t\t\t\t\t<\/div>\n\t\t\t\t\t\t\t\t<div class=\"elementor-field-type-email elementor-field-group elementor-column elementor-field-group-email elementor-col-100 elementor-field-required\">\n\t\t\t\t\t\t\t\t\t\t\t\t<label for=\"form-field-email\" class=\"elementor-field-label\">\n\t\t\t\t\t\t\t\tCorreo\t\t\t\t\t\t\t<\/label>\n\t\t\t\t\t\t\t\t\t\t\t\t\t\t<input size=\"1\" type=\"email\" name=\"form_fields[email]\" id=\"form-field-email\" class=\"elementor-field elementor-size-md  elementor-field-textual\" placeholder=\"Introduce tu correo electr\u00f3nico\" required=\"required\">\n\t\t\t\t\t\t\t\t\t\t\t<\/div>\n\t\t\t\t\t\t\t\t<div class=\"elementor-field-type-telephone elementor-field-group elementor-column elementor-field-group-message elementor-col-100 elementor-field-required\">\n\t\t\t\t\t\t\t\t\t\t\t\t<label for=\"form-field-message\" class=\"elementor-field-label\">\n\t\t\t\t\t\t\t\tTel\u00e9fono\t\t\t\t\t\t\t<\/label>\n\t\t\t\t\t\t\t\t<input dir=\"ltr\" type=\"text\" name=\"change_name_message\" id=\"form-field-message\" class=\"elementor-field elementor-size-md  elementor-field-telephone elementor-field-textual yee-ltr\" required=\"required\" data-pre=\"us|gb\" data-excludeCountries=\"\" data-onlyct=\"\" data-defcountry=\"us\" data-hide_flag=\"\" data-hide_code=\"\" data-validation=\"yes\" data-name=\"message\" data-telephone_search=\"\" >\n\t\t<input onkeydown=\"return \/[0-9]|\\(|\\)|\\+|-|BACKSPACE\/i.test(event.key)\" type=\"hidden\" class=\"phone_check\" name=\"form_fields[message_check]\" value=\"\" >\n\t\t\t\t\t\t<\/div>\n\t\t\t\t\t\t\t\t<div class=\"elementor-field-type-checkbox elementor-field-group elementor-column elementor-field-group-field_29f1de5 elementor-col-100\">\n\t\t\t\t\t<div class=\"elementor-field-subgroup  \"><span class=\"elementor-field-option\"><input type=\"checkbox\" value=\"Doy mi consentimiento para recibir mensajes de texto de marketing de Wellness Revolution al n\u00famero de tel\u00e9fono proporcionado. La frecuencia puede variar. Se pueden aplicar tarifas de mensajes y datos. Env\u00ede AYUDA para asistencia, responda ALTO para cancelar.\" id=\"form-field-field_29f1de5-0\" name=\"form_fields[field_29f1de5]\"> <label for=\"form-field-field_29f1de5-0\">Doy mi consentimiento para recibir mensajes de texto de marketing de Wellness Revolution al n\u00famero de tel\u00e9fono proporcionado. La frecuencia puede variar. Se pueden aplicar tarifas de mensajes y datos. Env\u00ede AYUDA para asistencia, responda ALTO para cancelar.<\/label><\/span><\/div>\t\t\t\t<\/div>\n\t\t\t\t\t\t\t\t<div class=\"elementor-field-type-checkbox elementor-field-group elementor-column elementor-field-group-field_f58e0a8 elementor-col-100\">\n\t\t\t\t\t<div class=\"elementor-field-subgroup  \"><span class=\"elementor-field-option\"><input type=\"checkbox\" value=\"Doy mi consentimiento para recibir mensajes de texto no promocionales de Wellness Revolution sobre actualizaciones de mi pedido, recordatorios de citas, etc. Se pueden aplicar tarifas de mensajes y datos.\" id=\"form-field-field_f58e0a8-0\" name=\"form_fields[field_f58e0a8]\"> <label for=\"form-field-field_f58e0a8-0\">Doy mi consentimiento para recibir mensajes de texto no promocionales de Wellness Revolution sobre actualizaciones de mi pedido, recordatorios de citas, etc. Se pueden aplicar tarifas de mensajes y datos.<\/label><\/span><\/div>\t\t\t\t<\/div>\n\t\t\t\t\t\t\t\t<div class=\"elementor-field-type-html elementor-field-group elementor-column elementor-field-group-field_fa5a764 elementor-col-100\">\n\t\t\t\t\t<p>\n<a href=\"\/es\/condiciones-de-servicio\/\" style=\"text-decoration:underline;\">Condiciones de Servicio<\/a> y <a href=\"\/es\/politica-de-privacidad\/\" style=\"text-decoration:underline;\">Pol\u00edtica de Privacidad<\/a>\n<\/p>\t\t\t\t<\/div>\n\t\t\t\t\t\t\t\t<div class=\"elementor-field-group elementor-column elementor-field-type-submit elementor-col-25 e-form__buttons\">\n\t\t\t\t\t<button class=\"elementor-button elementor-size-sm\" type=\"submit\">\n\t\t\t\t\t\t<span class=\"elementor-button-content-wrapper\">\n\t\t\t\t\t\t\t\t\t\t\t\t\t\t\t\t\t\t\t\t\t\t<span class=\"elementor-button-text\">Entregar<\/span>\n\t\t\t\t\t\t\t\t\t\t\t\t\t<\/span>\n\t\t\t\t\t<\/button>\n\t\t\t\t<\/div>\n\t\t\t<\/div>\n\t\t<\/form>\n\t\t\t\t\t\t<\/div>\n\t\t\t\t\t<\/div>\n\t\t\t\t<\/div>\n\t\t\t\t<\/div>\n\t\t\t\t<\/div>\n\t\t","protected":false},"excerpt":{"rendered":"<p>Contacto INFORMACI\u00d3N DE CONTACTO Jay Adkins\u00a019821 NW 2nd Ave #162 Miami Gardens, FL 33169 WR@WellnessRev.Org 1. Justin (English), 2. Lola (Sp\/Eng),3. Evelyn (Spanish)<\/p>\n","protected":false},"author":1,"featured_media":0,"parent":0,"menu_order":0,"comment_status":"closed","ping_status":"closed","template":"","meta":{"_acf_changed":false,"inline_featured_image":false,"footnotes":""},"class_list":["post-4217","page","type-page","status-publish","hentry"],"acf":[],"_links":{"self":[{"href":"https:\/\/wellnessrev.org\/es\/wp-json\/wp\/v2\/pages\/4217","targetHints":{"allow":["GET"]}}],"collection":[{"href":"https:\/\/wellnessrev.org\/es\/wp-json\/wp\/v2\/pages"}],"about":[{"href":"https:\/\/wellnessrev.org\/es\/wp-json\/wp\/v2\/types\/page"}],"author":[{"embeddable":true,"href":"https:\/\/wellnessrev.org\/es\/wp-json\/wp\/v2\/users\/1"}],"replies":[{"embeddable":true,"href":"https:\/\/wellnessrev.org\/es\/wp-json\/wp\/v2\/comments?post=4217"}],"version-history":[{"count":37,"href":"https:\/\/wellnessrev.org\/es\/wp-json\/wp\/v2\/pages\/4217\/revisions"}],"predecessor-version":[{"id":9342,"href":"https:\/\/wellnessrev.org\/es\/wp-json\/wp\/v2\/pages\/4217\/revisions\/9342"}],"wp:attachment":[{"href":"https:\/\/wellnessrev.org\/es\/wp-json\/wp\/v2\/media?parent=4217"}],"curies":[{"name":"wp","href":"https:\/\/api.w.org\/{rel}","templated":true}]}}