{"id":9269,"date":"2025-09-11T12:34:11","date_gmt":"2025-09-11T12:34:11","guid":{"rendered":"https:\/\/wellnessrev.org\/condiciones-de-servicio\/"},"modified":"2025-09-11T12:55:44","modified_gmt":"2025-09-11T12:55:44","slug":"condiciones-de-servicio","status":"publish","type":"page","link":"https:\/\/wellnessrev.org\/es\/condiciones-de-servicio\/","title":{"rendered":"Condiciones de servicio"},"content":{"rendered":"\t\t<div data-elementor-type=\"wp-page\" data-elementor-id=\"9269\" class=\"elementor elementor-9269 elementor-9257\" data-elementor-post-type=\"page\">\n\t\t\t\t<div class=\"elementor-element elementor-element-7f54dda e-flex e-con-boxed e-con e-parent\" data-id=\"7f54dda\" data-element_type=\"container\" data-settings=\"{&quot;background_background&quot;:&quot;video&quot;,&quot;background_play_on_mobile&quot;:&quot;yes&quot;,&quot;background_video_link&quot;:&quot;https:\\\/\\\/wellnessrev.org\\\/wp-content\\\/uploads\\\/2025\\\/07\\\/banner-BG.mp4&quot;}\">\n\t\t\t\t\t<div class=\"e-con-inner\">\n\t\t<div class=\"elementor-background-video-container\" aria-hidden=\"true\">\n\t\t\t\t\t\t\t<video class=\"elementor-background-video-hosted\" autoplay muted playsinline loop><\/video>\n\t\t\t\t\t<\/div>\t\t<div class=\"elementor-element elementor-element-a6561b5 elementor-invisible elementor-widget elementor-widget-heading\" data-id=\"a6561b5\" data-element_type=\"widget\" data-settings=\"{&quot;_animation&quot;:&quot;fadeInUp&quot;}\" data-widget_type=\"heading.default\">\n\t\t\t\t\t<h1 class=\"elementor-heading-title elementor-size-default\">Condiciones de servicio<\/h1>\t\t\t\t<\/div>\n\t\t\t\t\t<\/div>\n\t\t\t\t<\/div>\n\t\t<div class=\"elementor-element elementor-element-fd1e08b e-con-full e-flex e-con e-parent\" data-id=\"fd1e08b\" data-element_type=\"container\">\n\t\t<div class=\"elementor-element elementor-element-3d59df8 e-flex e-con-boxed e-con e-child\" data-id=\"3d59df8\" data-element_type=\"container\">\n\t\t\t\t\t<div class=\"e-con-inner\">\n\t\t\t\t<div class=\"elementor-element elementor-element-478e630 elementor-widget elementor-widget-text-editor\" data-id=\"478e630\" data-element_type=\"widget\" data-widget_type=\"text-editor.default\">\n\t\t\t\t\t\t\t\t\t<ol><li>El Programa de SMS de Wellness Revolution proporciona a los suscriptores<br \/>actualizaciones y recursos de nuestro equipo de LifeWave. Los tipos de mensajes pueden<br \/>incluir recordatorios de entrenamientos, invitaciones a eventos, contenido motivacional y<br \/>anuncios del equipo.<\/li><\/ol><p>\u00a0<\/p><ol start=\"2\"><li><p>Puede cancelar el servicio de SMS en cualquier momento. Simplemente env\u00ede <b>\u201cALTO\u201d\u00a0 <\/b>al c\u00f3digo corto. Al enviar \u201cALTO\u201d, confirmaremos su estado de cancelaci\u00f3n mediante un SMS. Despu\u00e9s de esta confirmaci\u00f3n, no recibir\u00e1 m\u00e1s mensajes de texto de nuestra parte. Para volver a unirse, reg\u00edstrese como lo hizo inicialmente y reanudaremos el env\u00edo de mensajes de texto.<\/p><\/li><\/ol><p>\u00a0<\/p><ol start=\"3\"><li><p>Si experimenta problemas con el programa de mensajer\u00eda, responda con la palabra clave <b>AYUDA <\/b>para obtener m\u00e1s asistencia o comun\u00edquese directamente con nosotros al correo electr\u00f3nico <a href=\"mailto:WR@WellnesRev.org\"><b>WR@WellnessRev.org<\/b>.<\/a><\/p><\/li><\/ol><p>\u00a0<\/p><ol start=\"4\"><li><p>Los operadores de telefon\u00eda no son responsables de mensajes retrasados o no entregados.<br \/><br \/><\/p><\/li><li><p>Como siempre, pueden aplicarse tarifas de mensajes y datos por los mensajes enviados desde nosotros hacia usted y de usted hacia nosotros. La frecuencia de los mensajes puede variar. Para preguntas sobre su plan de mensajes o datos, comun\u00edquese con su proveedor de servicios m\u00f3viles.<\/p><\/li><\/ol><p>\u00a0<\/p><ol start=\"6\"><li><p>Para consultas relacionadas con la privacidad, consulte nuestra pol\u00edtica de privacidad:<\/p><a href=\"https:\/\/wellnessrev.org\/es\/politica-de-privacidad\/\">https:\/\/wellnessrevolutionteam.com\/privacy-policy<\/a><\/li><\/ol><p>\u00a0<\/p><h3><b>Nota:<\/b><\/h3><p>Este programa cumple con las pautas de la CTIA, las regulaciones de la TCPA y todas las leyes aplicables. <i>Wellness Revolution es un equipo independiente de Brand Partners de\u00a0 <\/i><i>LifeWave y no est\u00e1 afiliado ni es operado por LifeWave Corporate.<\/i><\/p>\t\t\t\t\t\t\t\t<\/div>\n\t\t\t\t\t<\/div>\n\t\t\t\t<\/div>\n\t\t\t\t<\/div>\n\t\t\t\t<\/div>\n\t\t","protected":false},"excerpt":{"rendered":"<p>Condiciones de servicio El Programa de SMS de Wellness Revolution proporciona a los suscriptoresactualizaciones y recursos de nuestro equipo de LifeWave. Los tipos de mensajes puedenincluir recordatorios de entrenamientos, invitaciones a eventos, contenido motivacional yanuncios del equipo. \u00a0 Puede cancelar el servicio de SMS en cualquier momento. Simplemente env\u00ede \u201cALTO\u201d\u00a0 al c\u00f3digo corto. Al enviar [&hellip;]<\/p>\n","protected":false},"author":1,"featured_media":0,"parent":0,"menu_order":0,"comment_status":"closed","ping_status":"closed","template":"","meta":{"_acf_changed":false,"inline_featured_image":false,"footnotes":""},"class_list":["post-9269","page","type-page","status-publish","hentry"],"acf":[],"_links":{"self":[{"href":"https:\/\/wellnessrev.org\/es\/wp-json\/wp\/v2\/pages\/9269","targetHints":{"allow":["GET"]}}],"collection":[{"href":"https:\/\/wellnessrev.org\/es\/wp-json\/wp\/v2\/pages"}],"about":[{"href":"https:\/\/wellnessrev.org\/es\/wp-json\/wp\/v2\/types\/page"}],"author":[{"embeddable":true,"href":"https:\/\/wellnessrev.org\/es\/wp-json\/wp\/v2\/users\/1"}],"replies":[{"embeddable":true,"href":"https:\/\/wellnessrev.org\/es\/wp-json\/wp\/v2\/comments?post=9269"}],"version-history":[{"count":7,"href":"https:\/\/wellnessrev.org\/es\/wp-json\/wp\/v2\/pages\/9269\/revisions"}],"predecessor-version":[{"id":9278,"href":"https:\/\/wellnessrev.org\/es\/wp-json\/wp\/v2\/pages\/9269\/revisions\/9278"}],"wp:attachment":[{"href":"https:\/\/wellnessrev.org\/es\/wp-json\/wp\/v2\/media?parent=9269"}],"curies":[{"name":"wp","href":"https:\/\/api.w.org\/{rel}","templated":true}]}}